{"id":8,"date":"2023-11-15T12:05:10","date_gmt":"2023-11-15T11:05:10","guid":{"rendered":"http:\/\/192.168.0.100\/wordpress\/site\/?page_id=8"},"modified":"2024-01-20T16:49:25","modified_gmt":"2024-01-20T15:49:25","slug":"privacy-policy-2","status":"publish","type":"page","link":"https:\/\/paratorefulvio.com\/index.php\/privacy-policy-2\/","title":{"rendered":"Privacy Policy"},"content":{"rendered":"\n<p><strong>Informativa sulla Privacy<\/strong><\/p>\n\n\n\n<p>Ultimo aggiornamento: 20 Gennaio 2024<\/p>\n\n\n\n<p>Grazie per aver visitato il mio sito web. La tua privacy \u00e8 importante per me, e mi impegno a proteggere le informazioni personali che mi fornisci. Questa Informativa sulla Privacy spiega come raccoglier\u00f2, utilizzer\u00f2, divulgher\u00f2 e protegger\u00f2 le tue informazioni personali.<\/p>\n\n\n\n<p><strong>Informazioni Raccolte<\/strong><\/p>\n\n\n\n<p>Raccolgo informazioni personali che tu fornisci volontariamente, come il tuo nome, l&#8217;indirizzo email e altre informazioni identificative, quando interagisci con il mio sito.<\/p>\n\n\n\n<p><strong>Utilizzo delle Informazioni<\/strong><\/p>\n\n\n\n<p>Utilizzer\u00f2 le informazioni personali per fornire i servizi richiesti, migliorare la tua esperienza di navigazione e comunicare con te in merito a aggiornamenti, offerte o risposte alle tue richieste.<\/p>\n\n\n\n<p><strong>Divulgazione a Terzi<\/strong><\/p>\n\n\n\n<p>Non vender\u00f2, scambier\u00f2 o trasferir\u00f2 le tue informazioni personali a terzi senza il tuo consenso, tranne nei casi previsti dalla legge.<\/p>\n\n\n\n<p><strong>Cookie e Tecnologie Simili<\/strong><\/p>\n\n\n\n<p>Utilizzer\u00f2 cookie e tecnologie simili per migliorare l&#8217;esperienza dell&#8217;utente e raccogliere informazioni sull&#8217;uso del sito. Puoi gestire le tue preferenze sui cookie attraverso le impostazioni del tuo browser.<\/p>\n\n\n\n<p><strong>Sicurezza delle Informazioni<\/strong><\/p>\n\n\n\n<p>Adotter\u00f2 misure di sicurezza per proteggere le tue informazioni personali da accessi non autorizzati o utilizzazioni improprie.<\/p>\n\n\n\n<p><strong>Modifiche a questa Informativa sulla Privacy<\/strong><\/p>\n\n\n\n<p>Mi riservo il diritto di modificare questa Informativa sulla Privacy. Ogni modifica sar\u00e0 pubblicata su questa pagina con una data di aggiornamento.<\/p>\n\n\n\n<p><strong>Contatti<\/strong><\/p>\n\n\n\n<p>Per domande o chiarimenti sulla mia Informativa sulla Privacy, contattami a <a href=\"mailto:fulvio@paratorefulvio.com\">fulvio@paratorefulvio.com<\/a> .<\/p>\n\n\n\n<p>Grazie per la fiducia.<\/p>\n\n\n\n<p>Assistenza Tecnica Paratore Fulvio<\/p>\n","protected":false},"excerpt":{"rendered":"<p>Informativa sulla Privacy Ultimo aggiornamento: 20 Gennaio 2024 Grazie per aver visitato il mio sito web. La tua privacy \u00e8 importante per me, e mi impegno a proteggere le informazioni personali che mi fornisci. Questa Informativa sulla Privacy spiega come raccoglier\u00f2, utilizzer\u00f2, divulgher\u00f2 e protegger\u00f2 le tue informazioni personali. Informazioni [&hellip;]<\/p>\n","protected":false},"author":1,"featured_media":0,"parent":0,"menu_order":0,"comment_status":"closed","ping_status":"closed","template":"","meta":{"footnotes":""},"class_list":["post-8","page","type-page","status-publish","hentry"],"aioseo_notices":[],"_links":{"self":[{"href":"https:\/\/paratorefulvio.com\/index.php\/wp-json\/wp\/v2\/pages\/8","targetHints":{"allow":["GET"]}}],"collection":[{"href":"https:\/\/paratorefulvio.com\/index.php\/wp-json\/wp\/v2\/pages"}],"about":[{"href":"https:\/\/paratorefulvio.com\/index.php\/wp-json\/wp\/v2\/types\/page"}],"author":[{"embeddable":true,"href":"https:\/\/paratorefulvio.com\/index.php\/wp-json\/wp\/v2\/users\/1"}],"replies":[{"embeddable":true,"href":"https:\/\/paratorefulvio.com\/index.php\/wp-json\/wp\/v2\/comments?post=8"}],"version-history":[{"count":6,"href":"https:\/\/paratorefulvio.com\/index.php\/wp-json\/wp\/v2\/pages\/8\/revisions"}],"predecessor-version":[{"id":151,"href":"https:\/\/paratorefulvio.com\/index.php\/wp-json\/wp\/v2\/pages\/8\/revisions\/151"}],"wp:attachment":[{"href":"https:\/\/paratorefulvio.com\/index.php\/wp-json\/wp\/v2\/media?parent=8"}],"curies":[{"name":"wp","href":"https:\/\/api.w.org\/{rel}","templated":true}]}}